{"id":1193,"date":"2014-04-04T12:47:30","date_gmt":"2014-04-04T10:47:30","guid":{"rendered":"http:\/\/www.dg-pannonia.at\/wordpress\/?page_id=1193"},"modified":"2022-02-03T18:42:03","modified_gmt":"2022-02-03T16:42:03","slug":"dg-brettspiel","status":"publish","type":"page","link":"https:\/\/www.dg-pannonia.at\/wordpress\/?page_id=1193","title":{"rendered":"DG-Brettspiel"},"content":{"rendered":"<h2>\u00a0<\/h2>\n<h2><span style=\"text-decoration: underline;\">Brettspiel Discgolf<\/span><\/h2>\n<p>Preis: EUR 10,00\u00a0\u00a0 &#8211;\u00a0\u00a0 Nur noch wenige Spiele verf\u00fcgbar!<\/p>\n<p>Du m\u00f6chtest ein Spiel haben? &#8211;&gt; <a href=\"mailto:dgp@outlook.at\">dgp@outlook.at<\/a><\/p>\n<p><span style=\"text-decoration: underline;\">Inhalt:<\/span><\/p>\n<ul>\n<li>Spielplan<\/li>\n<li>18 Ereigniskarten<\/li>\n<li>4 Scheiben<\/li>\n<li>3 W\u00fcrfel<\/li>\n<li>Spielanleitung<\/li>\n<\/ul>\n<p><span style=\"text-decoration: underline;\">Spieldauer:<\/span> ca. 40 bis 60 Minuten<\/p>\n<p><span style=\"text-decoration: underline;\">Ziel des Spiels:<\/span><\/p>\n<p>Jeder der diese Edition in H\u00e4nden h\u00e4lt weiss, wie Discgolf funktioniert &#8230; also die Scheibe muss vom Abwurf mit sowenig W\u00fcrfen wie m\u00f6glich in den Korb rein \u2013 \u00fcber Wasser hinweg, bei Mandatorys vorbei und nicht ins OB! Wie im wirklichen Leben &#8230;<\/p>\n<p><a href=\"http:\/\/www.dg-pannonia.at\/wordpress\/wp-content\/uploads\/2014\/04\/DG-Karten.jpg\"><img loading=\"lazy\" decoding=\"async\" class=\"alignright  wp-image-1197\" alt=\"DG Karten\" src=\"http:\/\/www.dg-pannonia.at\/wordpress\/wp-content\/uploads\/2014\/04\/DG-Karten-300x209.jpg\" width=\"300\" height=\"209\" srcset=\"https:\/\/www.dg-pannonia.at\/wordpress\/wp-content\/uploads\/2014\/04\/DG-Karten-300x209.jpg 300w, https:\/\/www.dg-pannonia.at\/wordpress\/wp-content\/uploads\/2014\/04\/DG-Karten-1024x713.jpg 1024w, https:\/\/www.dg-pannonia.at\/wordpress\/wp-content\/uploads\/2014\/04\/DG-Karten.jpg 1247w\" sizes=\"auto, (max-width: 300px) 100vw, 300px\" \/><\/a><a href=\"http:\/\/www.dg-pannonia.at\/wordpress\/wp-content\/uploads\/2014\/04\/Spielplan.jpg\"><img loading=\"lazy\" decoding=\"async\" class=\" wp-image-1196 alignleft\" alt=\"Spielplan\" src=\"http:\/\/www.dg-pannonia.at\/wordpress\/wp-content\/uploads\/2014\/04\/Spielplan-300x209.jpg\" width=\"285\" height=\"199\" srcset=\"https:\/\/www.dg-pannonia.at\/wordpress\/wp-content\/uploads\/2014\/04\/Spielplan-300x209.jpg 300w, https:\/\/www.dg-pannonia.at\/wordpress\/wp-content\/uploads\/2014\/04\/Spielplan-1024x716.jpg 1024w, https:\/\/www.dg-pannonia.at\/wordpress\/wp-content\/uploads\/2014\/04\/Spielplan.jpg 1512w\" sizes=\"auto, (max-width: 285px) 100vw, 285px\" \/><\/a><\/p>\n","protected":false},"excerpt":{"rendered":"<p>\u00a0 Brettspiel Discgolf Preis: EUR 10,00\u00a0\u00a0 &#8211;\u00a0\u00a0 Nur noch wenige Spiele verf\u00fcgbar! Du m\u00f6chtest ein Spiel haben? &#8211;&gt; dgp@outlook.at Inhalt: Spielplan 18 Ereigniskarten 4 Scheiben 3 W\u00fcrfel Spielanleitung Spieldauer: ca. 40 bis 60 Minuten Ziel des Spiels: Jeder der diese &hellip; <a href=\"https:\/\/www.dg-pannonia.at\/wordpress\/?page_id=1193\">Weiterlesen <span class=\"meta-nav\">&rarr;<\/span><\/a><\/p>\n","protected":false},"author":7,"featured_media":0,"parent":0,"menu_order":10,"comment_status":"open","ping_status":"closed","template":"","meta":{"footnotes":""},"class_list":["post-1193","page","type-page","status-publish","hentry"],"_links":{"self":[{"href":"https:\/\/www.dg-pannonia.at\/wordpress\/index.php?rest_route=\/wp\/v2\/pages\/1193","targetHints":{"allow":["GET"]}}],"collection":[{"href":"https:\/\/www.dg-pannonia.at\/wordpress\/index.php?rest_route=\/wp\/v2\/pages"}],"about":[{"href":"https:\/\/www.dg-pannonia.at\/wordpress\/index.php?rest_route=\/wp\/v2\/types\/page"}],"author":[{"embeddable":true,"href":"https:\/\/www.dg-pannonia.at\/wordpress\/index.php?rest_route=\/wp\/v2\/users\/7"}],"replies":[{"embeddable":true,"href":"https:\/\/www.dg-pannonia.at\/wordpress\/index.php?rest_route=%2Fwp%2Fv2%2Fcomments&post=1193"}],"version-history":[{"count":9,"href":"https:\/\/www.dg-pannonia.at\/wordpress\/index.php?rest_route=\/wp\/v2\/pages\/1193\/revisions"}],"predecessor-version":[{"id":1234,"href":"https:\/\/www.dg-pannonia.at\/wordpress\/index.php?rest_route=\/wp\/v2\/pages\/1193\/revisions\/1234"}],"wp:attachment":[{"href":"https:\/\/www.dg-pannonia.at\/wordpress\/index.php?rest_route=%2Fwp%2Fv2%2Fmedia&parent=1193"}],"curies":[{"name":"wp","href":"https:\/\/api.w.org\/{rel}","templated":true}]}}