{"id":1334,"date":"2014-07-21T14:05:37","date_gmt":"2014-07-21T12:05:37","guid":{"rendered":"http:\/\/www.dg-pannonia.at\/wordpress\/?page_id=1334"},"modified":"2024-11-09T21:32:48","modified_gmt":"2024-11-09T19:32:48","slug":"kurse-trainer","status":"publish","type":"page","link":"https:\/\/www.dg-pannonia.at\/wordpress\/?page_id=1334","title":{"rendered":"Kurse \/ Trainer"},"content":{"rendered":"<p>Folgende Mitglieder des DG-Pannonia haben erfolgreich die Ausbildung zum \u00dcbungsleiter absolviert und stehen somit als Ansprechpartner f\u00fcr Discgolf-Workshops und Trainings zur Verf\u00fcgung:<\/p>\n<ul>\n<li style=\"list-style-type: none;\">\n<ul>\n<li>\n<div style=\"padding-left: 30px;\">Andrea Klima\u00a0 \u00a0 \u00a0 \u00a0 \u00a0 \u00a0 \u00a0&#8211; Wohnort: Wien<\/div>\n<\/li>\n<li>\n<div style=\"padding-left: 30px;\">Christian Klima\u00a0\u00a0\u00a0\u00a0\u00a0\u00a0\u00a0\u00a0 &#8211; Wohnort: Wien<\/div>\n<\/li>\n<li>\n<div style=\"padding-left: 30px;\">Mike Bischof-Horak &#8211; Wohnort: Grossh\u00f6flein<\/div>\n<\/li>\n<li>\n<div style=\"padding-left: 30px;\">Michael Greilinger\u00a0\u00a0\u00a0 &#8211; Wohnort: V\u00f6sendorf<\/div>\n<\/li>\n<li>\n<div style=\"padding-left: 30px;\">Andreas Karner \u00a0 \u00a0 \u00a0 \u00a0 &#8211; Wohnort: Kleinm\u00fcrbisch<\/div>\n<\/li>\n<\/ul>\n<\/li>\n<\/ul>\n<p>Einsteiger, Schulen, Firmenevents, Einzeltrainings, &#8230; Am Parcours in Eisenstadt auf der Pfadfinderwiese, in Eisenstadt auf der Gloriette, im Wiener Prater, am Fussballplatz oder sonst irgendwo &#8230;<\/p>\n<p>Kosten:<\/p>\n<p>EUR 40,00 pro Stunde, pro Trainer + EUR 7,00 pro Teilnehmer Tagesfee<br \/>\n. \u00a0 \u00a0 \u00a0 \u00a0 \u00a0 2 Leihscheiben pro Teilnehmer inklusive (EUR 15,00 pro Scheibe bei Verlust)<br \/>\n. \u00a0 \u00a0 \u00a0 \u00a0 \u00a0 anschlie\u00dfend freies Spielen am gesamten Parcours inklusive<\/p>\n<p style=\"padding-left: 30px;\">oder<\/p>\n<p>Package um EUR 100,00 (pro Trainer)\u00a0+ EUR 7,00 pro Teilnehmer Tagesfee<br \/>\n.\u00a0\u00a0\u00a0\u00a0\u00a0\u00a0\u00a0\u00a0\u00a0\u00a0 Dauer: 3 Stunden<br \/>\n. \u00a0 \u00a0 \u00a0 \u00a0 \u00a0 Einf\u00fchrung mit Theorie und Praxis<br \/>\n.\u00a0\u00a0\u00a0\u00a0\u00a0\u00a0\u00a0\u00a0\u00a0\u00a0 kleine Regelkunde<br \/>\n.\u00a0\u00a0\u00a0\u00a0\u00a0\u00a0\u00a0\u00a0\u00a0\u00a0 betreute \u00dcbungsrunde<br \/>\n.\u00a0\u00a0\u00a0\u00a0\u00a0\u00a0\u00a0\u00a0\u00a0\u00a0 2 Leihscheiben pro Teilnehmer inklusive (EUR 15,00 pro Scheibe bei Verlust)<br \/>\n.\u00a0\u00a0\u00a0\u00a0\u00a0\u00a0\u00a0\u00a0\u00a0\u00a0 anschlie\u00dfend freies Spielen am gesamten Parcours inklusive<\/p>\n<p>Erm\u00e4\u00dfigung f\u00fcr Gruppen ab 10 Personen<\/p>\n<p>Anfragen bitte an <a href=\"mailto:dgp@outlook.at\">dgp@outlook.at<\/a><\/p>\n","protected":false},"excerpt":{"rendered":"<p>Folgende Mitglieder des DG-Pannonia haben erfolgreich die Ausbildung zum \u00dcbungsleiter absolviert und stehen somit als Ansprechpartner f\u00fcr Discgolf-Workshops und Trainings zur Verf\u00fcgung: Andrea Klima\u00a0 \u00a0 \u00a0 \u00a0 \u00a0 \u00a0 \u00a0&#8211; Wohnort: Wien Christian Klima\u00a0\u00a0\u00a0\u00a0\u00a0\u00a0\u00a0\u00a0 &#8211; Wohnort: Wien Mike Bischof-Horak &#8211; &hellip; <a href=\"https:\/\/www.dg-pannonia.at\/wordpress\/?page_id=1334\">Weiterlesen <span class=\"meta-nav\">&rarr;<\/span><\/a><\/p>\n","protected":false},"author":7,"featured_media":0,"parent":0,"menu_order":5,"comment_status":"open","ping_status":"open","template":"","meta":{"footnotes":""},"class_list":["post-1334","page","type-page","status-publish","hentry"],"_links":{"self":[{"href":"https:\/\/www.dg-pannonia.at\/wordpress\/index.php?rest_route=\/wp\/v2\/pages\/1334","targetHints":{"allow":["GET"]}}],"collection":[{"href":"https:\/\/www.dg-pannonia.at\/wordpress\/index.php?rest_route=\/wp\/v2\/pages"}],"about":[{"href":"https:\/\/www.dg-pannonia.at\/wordpress\/index.php?rest_route=\/wp\/v2\/types\/page"}],"author":[{"embeddable":true,"href":"https:\/\/www.dg-pannonia.at\/wordpress\/index.php?rest_route=\/wp\/v2\/users\/7"}],"replies":[{"embeddable":true,"href":"https:\/\/www.dg-pannonia.at\/wordpress\/index.php?rest_route=%2Fwp%2Fv2%2Fcomments&post=1334"}],"version-history":[{"count":25,"href":"https:\/\/www.dg-pannonia.at\/wordpress\/index.php?rest_route=\/wp\/v2\/pages\/1334\/revisions"}],"predecessor-version":[{"id":3531,"href":"https:\/\/www.dg-pannonia.at\/wordpress\/index.php?rest_route=\/wp\/v2\/pages\/1334\/revisions\/3531"}],"wp:attachment":[{"href":"https:\/\/www.dg-pannonia.at\/wordpress\/index.php?rest_route=%2Fwp%2Fv2%2Fmedia&parent=1334"}],"curies":[{"name":"wp","href":"https:\/\/api.w.org\/{rel}","templated":true}]}}