{"id":18,"date":"2011-06-08T20:07:51","date_gmt":"2011-06-08T18:07:51","guid":{"rendered":"http:\/\/dg-pannonia.at\/wordpress\/?page_id=18"},"modified":"2022-02-03T18:45:08","modified_gmt":"2022-02-03T16:45:08","slug":"news","status":"publish","type":"page","link":"https:\/\/www.dg-pannonia.at\/wordpress\/?page_id=18","title":{"rendered":"Discgolf"},"content":{"rendered":"<p>Auf dem \u00f6sterreichischen Discgolf Portal <a href=\"http:\/\/www.discgolf.at\/\" target=\"_blank\" rel=\"noopener\">http:\/\/www.discgolf.at\/<\/a> findet man viele Informationen \u00fcber diese Sportart und die dazugeh\u00f6rigen <a href=\"http:\/\/www.discgolf.at\/wordpress\/?page_id=25\" target=\"_blank\" rel=\"noopener\">Regeln<\/a>.<\/p>\n<p><strong>Was ist eigentlich Discgolf?<\/strong><\/p>\n<p>Discgolf ist ein Sport bei dem es darum geht, ein Ziel mit Frisbeescheiben zu treffen und dabei so wenige Versuche wie m\u00f6glich zu ben\u00f6tigen. Gespielt wird entweder auf Discgolf K\u00f6rbe, oder auf markierte Trefferzonen, die z.B. auf B\u00e4umen angebracht werden.<\/p>\n<p><strong>Was brauche ich, um Discgolf zu spielen?<\/strong><\/p>\n<p>Nicht viel! Zwei bis drei Scheiben und festes Schuhwerk reichen f\u00fcr den Anfang v\u00f6llig aus! Ein Tuch um deine Scheiben zwischendurch zu s\u00e4ubern kann ebenfalls nicht schaden.<\/p>\n<p><strong>Wo kann ich in \u00d6sterreich Discgolf spielen?<\/strong><\/p>\n<p>Im Prinzip \u00fcberall, wo du niemanden gef\u00e4hrdest. Oberste Priorit\u00e4t gilt der Sicherheit von Mitspielern und Unbeteiligten. In \u00d6sterreich gibt es mittlerweile einige\u00a0fix installierte Discgolf Parcours auf welchen auch regelm\u00e4\u00dfig Turniere veranstaltet werden.\u00a0Turniere an anderen Pl\u00e4tzen werden tlw. auf Kursen ausgetragen, die nur f\u00fcr die Dauer der Veranstaltung aufgebaut werden.<\/p>\n","protected":false},"excerpt":{"rendered":"<p>Auf dem \u00f6sterreichischen Discgolf Portal http:\/\/www.discgolf.at\/ findet man viele Informationen \u00fcber diese Sportart und die dazugeh\u00f6rigen Regeln. Was ist eigentlich Discgolf? Discgolf ist ein Sport bei dem es darum geht, ein Ziel mit Frisbeescheiben zu treffen und dabei so wenige &hellip; <a href=\"https:\/\/www.dg-pannonia.at\/wordpress\/?page_id=18\">Weiterlesen <span class=\"meta-nav\">&rarr;<\/span><\/a><\/p>\n","protected":false},"author":7,"featured_media":0,"parent":0,"menu_order":1,"comment_status":"open","ping_status":"closed","template":"","meta":{"footnotes":""},"class_list":["post-18","page","type-page","status-publish","hentry"],"_links":{"self":[{"href":"https:\/\/www.dg-pannonia.at\/wordpress\/index.php?rest_route=\/wp\/v2\/pages\/18","targetHints":{"allow":["GET"]}}],"collection":[{"href":"https:\/\/www.dg-pannonia.at\/wordpress\/index.php?rest_route=\/wp\/v2\/pages"}],"about":[{"href":"https:\/\/www.dg-pannonia.at\/wordpress\/index.php?rest_route=\/wp\/v2\/types\/page"}],"author":[{"embeddable":true,"href":"https:\/\/www.dg-pannonia.at\/wordpress\/index.php?rest_route=\/wp\/v2\/users\/7"}],"replies":[{"embeddable":true,"href":"https:\/\/www.dg-pannonia.at\/wordpress\/index.php?rest_route=%2Fwp%2Fv2%2Fcomments&post=18"}],"version-history":[{"count":14,"href":"https:\/\/www.dg-pannonia.at\/wordpress\/index.php?rest_route=\/wp\/v2\/pages\/18\/revisions"}],"predecessor-version":[{"id":2743,"href":"https:\/\/www.dg-pannonia.at\/wordpress\/index.php?rest_route=\/wp\/v2\/pages\/18\/revisions\/2743"}],"wp:attachment":[{"href":"https:\/\/www.dg-pannonia.at\/wordpress\/index.php?rest_route=%2Fwp%2Fv2%2Fmedia&parent=18"}],"curies":[{"name":"wp","href":"https:\/\/api.w.org\/{rel}","templated":true}]}}