{"id":6,"date":"2011-06-08T17:49:15","date_gmt":"2011-06-08T15:49:15","guid":{"rendered":"http:\/\/dg-pannonia.at\/wordpress\/?page_id=6"},"modified":"2026-04-09T20:26:55","modified_gmt":"2026-04-09T18:26:55","slug":"die-pfadfinderwiese","status":"publish","type":"page","link":"https:\/\/www.dg-pannonia.at\/wordpress\/?page_id=6","title":{"rendered":"Parcours"},"content":{"rendered":"<p><strong><span style=\"color: #000000;\">roter Front9-\/blauer Back9-Parcours (Standard-Layout f\u00fcr Fortgeschrittene)<\/span><\/strong><a href=\"https:\/\/www.dg-pannonia.at\/wordpress\/wp-content\/uploads\/2026\/04\/2mal9.jpg\"><img loading=\"lazy\" decoding=\"async\" class=\"alignnone wp-image-3768 size-full\" src=\"https:\/\/www.dg-pannonia.at\/wordpress\/wp-content\/uploads\/2026\/04\/2mal9.jpg\" alt=\"\" width=\"1656\" height=\"1161\" srcset=\"https:\/\/www.dg-pannonia.at\/wordpress\/wp-content\/uploads\/2026\/04\/2mal9.jpg 1656w, https:\/\/www.dg-pannonia.at\/wordpress\/wp-content\/uploads\/2026\/04\/2mal9-300x210.jpg 300w, https:\/\/www.dg-pannonia.at\/wordpress\/wp-content\/uploads\/2026\/04\/2mal9-1024x718.jpg 1024w, https:\/\/www.dg-pannonia.at\/wordpress\/wp-content\/uploads\/2026\/04\/2mal9-768x538.jpg 768w, https:\/\/www.dg-pannonia.at\/wordpress\/wp-content\/uploads\/2026\/04\/2mal9-1536x1077.jpg 1536w\" sizes=\"auto, (max-width: 1656px) 100vw, 1656px\" \/><\/a><\/p>\r\n\r\n<p><strong><span style=\"color: #ffff00;\"><span style=\"color: #000000;\">gelber Razorback-Parcours (Standard-Layout f\u00fcr Anf\u00e4nger)<\/span><\/span><\/strong><a href=\"https:\/\/www.dg-pannonia.at\/wordpress\/wp-content\/uploads\/2024\/03\/Razorback-scaled.jpg\"><img loading=\"lazy\" decoding=\"async\" class=\"alignnone wp-image-3384 size-full\" src=\"https:\/\/www.dg-pannonia.at\/wordpress\/wp-content\/uploads\/2024\/03\/Razorback-scaled.jpg\" alt=\"\" width=\"2560\" height=\"1760\" srcset=\"https:\/\/www.dg-pannonia.at\/wordpress\/wp-content\/uploads\/2024\/03\/Razorback-scaled.jpg 2560w, https:\/\/www.dg-pannonia.at\/wordpress\/wp-content\/uploads\/2024\/03\/Razorback-300x206.jpg 300w, https:\/\/www.dg-pannonia.at\/wordpress\/wp-content\/uploads\/2024\/03\/Razorback-1024x704.jpg 1024w, https:\/\/www.dg-pannonia.at\/wordpress\/wp-content\/uploads\/2024\/03\/Razorback-768x528.jpg 768w, https:\/\/www.dg-pannonia.at\/wordpress\/wp-content\/uploads\/2024\/03\/Razorback-1536x1056.jpg 1536w, https:\/\/www.dg-pannonia.at\/wordpress\/wp-content\/uploads\/2024\/03\/Razorback-2048x1408.jpg 2048w\" sizes=\"auto, (max-width: 2560px) 100vw, 2560px\" \/><\/a><\/p>\r\n<!-- \/wp:post-content -->\r\n<p><strong>Ben\u00fctzung<\/strong><\/p>\r\n<p>Die Pfadfinderwiese wurde vom Verein Sportunion Discgolf Pannonia gepachtet. Die Ben\u00fctzung des Parcours erfolgt auf eigene Gefahr. Hunde sind an der Leine zu f\u00fchren und f\u00fcrs Gacki bitte Sacki mitnehmen.<\/p>\r\n<p>Die gepachtete Fl\u00e4che des Discgolfgel\u00e4ndes liegt in unmittelbarer N\u00e4he der Pfadfinder Eisenstadt, die in der Regel jeden 2. Samstag von 13.00 &#8211; 17.00 ihre Stunden abhalten &#8211; siehe <a title=\"Termine Pfadfindergruppe\" href=\"https:\/\/burgenland.scout.at\/eisenstadt-heimstunden-termine\/\" target=\"_blank\" rel=\"noopener noreferrer\">Termine Pfadfindergruppe<\/a>. Au\u00dferdem vermieten sie ihr Gel\u00e4nde auch immer wieder an andere Pfadfindergruppen, die dann ein Wochenende lang auf der Wiese campen.<br \/><span style=\"color: #ff0000;\">F\u00fcr den Fall, dass Pfadfinder auf ihrem Bereich campen oder angetroffen werden, gilt ganz klar, dass Bahnen, die Kinder oder Jugendliche gef\u00e4hrden, auszulassen sind und bei Gelegenheit nachgespielt werden k\u00f6nnen.<\/span><br \/>Da wir bei den Turnieren auf die Kooperation mit den Pfadfindern angewiesen sind (WC Anlagen, H\u00fctte, Duschen&#8230;) sind diese Regeln unbedingt einzuhalten. Zuwiderhandlung hat eine Platzsperre zur Folge.<\/p>","protected":false},"excerpt":{"rendered":"<p>roter Front9-\/blauer Back9-Parcours (Standard-Layout f\u00fcr Fortgeschrittene) Ben\u00fctzung Die Pfadfinderwiese wurde vom Verein Sportunion Discgolf Pannonia gepachtet. Die Ben\u00fctzung des Parcours erfolgt auf eigene Gefahr. Hunde sind an der Leine zu f\u00fchren und f\u00fcrs Gacki bitte Sacki mitnehmen. Die gepachtete Fl\u00e4che &hellip; <a href=\"https:\/\/www.dg-pannonia.at\/wordpress\/?page_id=6\">Weiterlesen <span class=\"meta-nav\">&rarr;<\/span><\/a><\/p>\n","protected":false},"author":7,"featured_media":0,"parent":0,"menu_order":3,"comment_status":"open","ping_status":"closed","template":"","meta":{"footnotes":""},"class_list":["post-6","page","type-page","status-publish","hentry"],"_links":{"self":[{"href":"https:\/\/www.dg-pannonia.at\/wordpress\/index.php?rest_route=\/wp\/v2\/pages\/6","targetHints":{"allow":["GET"]}}],"collection":[{"href":"https:\/\/www.dg-pannonia.at\/wordpress\/index.php?rest_route=\/wp\/v2\/pages"}],"about":[{"href":"https:\/\/www.dg-pannonia.at\/wordpress\/index.php?rest_route=\/wp\/v2\/types\/page"}],"author":[{"embeddable":true,"href":"https:\/\/www.dg-pannonia.at\/wordpress\/index.php?rest_route=\/wp\/v2\/users\/7"}],"replies":[{"embeddable":true,"href":"https:\/\/www.dg-pannonia.at\/wordpress\/index.php?rest_route=%2Fwp%2Fv2%2Fcomments&post=6"}],"version-history":[{"count":211,"href":"https:\/\/www.dg-pannonia.at\/wordpress\/index.php?rest_route=\/wp\/v2\/pages\/6\/revisions"}],"predecessor-version":[{"id":3777,"href":"https:\/\/www.dg-pannonia.at\/wordpress\/index.php?rest_route=\/wp\/v2\/pages\/6\/revisions\/3777"}],"wp:attachment":[{"href":"https:\/\/www.dg-pannonia.at\/wordpress\/index.php?rest_route=%2Fwp%2Fv2%2Fmedia&parent=6"}],"curies":[{"name":"wp","href":"https:\/\/api.w.org\/{rel}","templated":true}]}}