{"id":914,"date":"2013-11-06T13:25:56","date_gmt":"2013-11-06T11:25:56","guid":{"rendered":"http:\/\/www.dg-pannonia.at\/wordpress\/?page_id=914"},"modified":"2025-08-13T16:03:31","modified_gmt":"2025-08-13T14:03:31","slug":"anfahrt-und-preise","status":"publish","type":"page","link":"https:\/\/www.dg-pannonia.at\/wordpress\/?page_id=914","title":{"rendered":"Anfahrt und Preise"},"content":{"rendered":"<p><span style=\"text-decoration: underline;\"><strong>Ben\u00fctzungsgeb\u00fchr<\/strong><\/span><\/p>\n<p>Aufgrund eines nicht unerheblichen finanzellen Aufwandes (Pacht der Wiese, M\u00e4hen, etc.) gibt es f\u00fcr die Ben\u00fctzung des Parcours folgende M\u00f6glichkeiten, eine Spielberechtigung zu erwerben:<\/p>\n<p style=\"padding-left: 30px;\">Tagesspielberechtigung\u00a0 \u00a0 \u00a0 \u00a0 \u00a0 \u00a0 EUR 9,00<br \/>\nJahresspielberechtigung\u00a0 \u00a0 \u00a0 \u00a0 \u00a0 \u00a0EUR 60,00<br \/>\n(g\u00fcltig J\u00e4n. bis Dez.)<\/p>\n<p>Eine Tagesspielberechtigung ist <strong>unbedingt im Vorhinein<\/strong> anzuk\u00fcndigen (dgp@outlook.at oder 0664-73658911) und die Geb\u00fchr auf u.a. Konto einzuzahlen. Im Verwendungszweck bitte den <strong>Namen und<\/strong> &#8211; wenn ihr wollt &#8211; <strong>eine E-Mail Adresse<\/strong> angeben. Dann k\u00f6nnen wir euch f\u00fcr div. gemeinsame Aktivit\u00e4ten (Training, Turniere, etc. &#8230;) kontaktieren.<\/p>\n<p>Leihscheiben sind grunds\u00e4tzlich auf Anfrage und gegen Geb\u00fchr erh\u00e4ltlich.<\/p>\n<p>Die gepachtete Fl\u00e4che des Discgolfgel\u00e4ndes liegt in unmittelbarer N\u00e4he der Pfadfinder Eisenstadt, die in der Regel jeden 2. Samstag von 13.00 &#8211; 17.00 ihre Stunden abhalten &#8211; siehe <a title=\"Termine Pfadfindergruppe\" href=\"https:\/\/burgenland.scout.at\/eisenstadt-heimstunden-termine\/\" target=\"_blank\" rel=\"noopener noreferrer\">Termine Pfadfindergruppe<\/a>. Au\u00dferdem vermieten sie ihr Gel\u00e4nde auch immer wieder an andere Pfadfindergruppen, die dann ein Wochenende lang auf der Wiese campen.<br \/>\n<span style=\"color: #ff0000;\">F\u00fcr den Fall, dass Pfadfinder auf ihrem Bereich campen oder angetroffen werden, gilt ganz klar, dass Bahnen, die Kinder oder Jugendliche gef\u00e4hrden, auszulassen sind und bei Gelegenheit nachgespielt werden k\u00f6nnen.<\/span><br \/>\nDa wir bei den Turnieren auf die Kooperation mit den Pfadfindern angewiesen sind (WC Anlagen, H\u00fctte, Duschen&#8230;) sind diese Regeln unbedingt einzuhalten. Zuwiderhandlung hat eine Platzsperre zur Folge.<\/p>\n<p>Die Geb\u00fchr ist zu entrichten an:<br \/>\n<em>Verein Sportunion Discgolf Pannonia<br \/>\nIBAN: AT89 3300 0000 0131 2875<br \/>\nBIC: RLBBAT2E<\/em><\/p>\n<p><span style=\"text-decoration: underline;\"><strong>Jahresspielberechtigung<\/strong><\/span><br \/>\nAnfragen bitte an <a href=\"mailto:dgp@outlook.at\">dgp@outlook.at<\/a><a href=\"mailto:dgp@outlook.at\"><br \/>\n<\/a><\/p>\n<h6>Hinweis gem. Statuten des DGP: Der Erwerb einer Jahresmitgliedschaft gilt jew. f\u00fcr das laufende Kalenderjahr und geht mit einer au\u00dferordentlichen Mitgliedschaft des Vereins Sportunion Discgolf Pannonia einher<\/h6>\n<p><strong><span style=\"text-align: left; color: #444444; text-transform: none; line-height: 24px; text-indent: 0px; letter-spacing: normal; font-family: Georgia,'Bitstream Charter',serif; font-size: 16px; font-style: normal; font-variant: normal; text-decoration: underline; word-spacing: 0px; display: inline !important; white-space: normal; orphans: 2; float: none; -webkit-text-stroke-width: 0px; background-color: transparent;\">Ordentliche <\/span><span style=\"text-decoration: underline;\">Mitgliedschaft<\/span> <\/strong><\/p>\n<p>Bist du endg\u00fcltig vom Virus erfasst?<br \/>\nHast du Lust, mit Gleichgesinnten den sch\u00f6nsten Sport der Welt auszu\u00fcben?<br \/>\nInteressiert an der Mitgestaltung des Vereins, des Parcours, unserer Turniere, etc. &#8230;?<\/p>\n<p>Dann w\u00fcrden wir uns freuen, dich als neues Mitglied in unserem Verein aufnehmen zu d\u00fcrfen. Anfragen zu einer ordentlichen Mitgliedschaft: <a href=\"mailto:dgp@outlook.at\">dgp@outlook.at<\/a><\/p>\n<p><span style=\"text-decoration: underline;\"><strong>Anreise<\/strong><\/span><\/p>\n<p>Buchgrabenweg 55<br \/>\n7000 Eisenstadt<\/p>\n<p>Koordinaten f\u00fcr die Anreise, zugleich Parkm\u00f6glichkeit:<\/p>\n<p><a href=\"http:\/\/maps.google.com\/maps?q=47.859778,16.524879&amp;hl=en&amp;ll=47.857676,16.525218&amp;spn=0.009762,0.016115&amp;sll=37.0625,-95.677068&amp;sspn=46.898798,66.005859&amp;t=h&amp;z=16\" target=\"_blank\" rel=\"noopener\"><span style=\"color: #0000ff;\">N 47 51.587 E 16 31.493<\/span><\/a><\/p>\n<p><iframe loading=\"lazy\" src=\"http:\/\/maps.google.com\/maps?q=47.859778,16.524879&amp;hl=en&amp;sll=37.0625,-95.677068&amp;sspn=46.898798,66.005859&amp;t=h&amp;ie=UTF8&amp;ll=47.854149,16.523867&amp;spn=0.009762,0.016115&amp;z=14&amp;output=embed\" width=\"425\" height=\"350\" frameborder=\"0\" marginwidth=\"0\" marginheight=\"0\" scrolling=\"no\"><\/iframe><br \/>\n<small><a style=\"color: #0000ff; text-align: left;\" href=\"http:\/\/maps.google.com\/maps?q=47.859778,16.524879&amp;hl=en&amp;sll=37.0625,-95.677068&amp;sspn=46.898798,66.005859&amp;t=h&amp;ie=UTF8&amp;ll=47.854149,16.523867&amp;spn=0.009762,0.016115&amp;z=14&amp;source=embed\">View Larger Map<\/a><\/small><\/p>\n","protected":false},"excerpt":{"rendered":"<p>Ben\u00fctzungsgeb\u00fchr Aufgrund eines nicht unerheblichen finanzellen Aufwandes (Pacht der Wiese, M\u00e4hen, etc.) gibt es f\u00fcr die Ben\u00fctzung des Parcours folgende M\u00f6glichkeiten, eine Spielberechtigung zu erwerben: Tagesspielberechtigung\u00a0 \u00a0 \u00a0 \u00a0 \u00a0 \u00a0 EUR 9,00 Jahresspielberechtigung\u00a0 \u00a0 \u00a0 \u00a0 \u00a0 \u00a0EUR 60,00 &hellip; <a href=\"https:\/\/www.dg-pannonia.at\/wordpress\/?page_id=914\">Weiterlesen <span class=\"meta-nav\">&rarr;<\/span><\/a><\/p>\n","protected":false},"author":7,"featured_media":0,"parent":0,"menu_order":4,"comment_status":"open","ping_status":"open","template":"","meta":{"footnotes":""},"class_list":["post-914","page","type-page","status-publish","hentry"],"_links":{"self":[{"href":"https:\/\/www.dg-pannonia.at\/wordpress\/index.php?rest_route=\/wp\/v2\/pages\/914","targetHints":{"allow":["GET"]}}],"collection":[{"href":"https:\/\/www.dg-pannonia.at\/wordpress\/index.php?rest_route=\/wp\/v2\/pages"}],"about":[{"href":"https:\/\/www.dg-pannonia.at\/wordpress\/index.php?rest_route=\/wp\/v2\/types\/page"}],"author":[{"embeddable":true,"href":"https:\/\/www.dg-pannonia.at\/wordpress\/index.php?rest_route=\/wp\/v2\/users\/7"}],"replies":[{"embeddable":true,"href":"https:\/\/www.dg-pannonia.at\/wordpress\/index.php?rest_route=%2Fwp%2Fv2%2Fcomments&post=914"}],"version-history":[{"count":30,"href":"https:\/\/www.dg-pannonia.at\/wordpress\/index.php?rest_route=\/wp\/v2\/pages\/914\/revisions"}],"predecessor-version":[{"id":3665,"href":"https:\/\/www.dg-pannonia.at\/wordpress\/index.php?rest_route=\/wp\/v2\/pages\/914\/revisions\/3665"}],"wp:attachment":[{"href":"https:\/\/www.dg-pannonia.at\/wordpress\/index.php?rest_route=%2Fwp%2Fv2%2Fmedia&parent=914"}],"curies":[{"name":"wp","href":"https:\/\/api.w.org\/{rel}","templated":true}]}}